{"id":1027443,"date":"2021-06-22T12:31:28","date_gmt":"2021-06-22T10:31:28","guid":{"rendered":"https:\/\/www.comodo.it\/blog\/?page_id=1027443"},"modified":"2021-06-22T13:48:57","modified_gmt":"2021-06-22T11:48:57","slug":"la-eter-srl-che-gestisce-il-portale-comodo-it-diventa-societa-benefit","status":"publish","type":"page","link":"https:\/\/www.comodo.it\/blog\/la-eter-srl-che-gestisce-il-portale-comodo-it-diventa-societa-benefit\/","title":{"rendered":"La ETER SRL che gestisce il portale Comodo.it diventa Societ\u00e0 Benefit"},"content":{"rendered":"<p>La <strong>ETER SRL diventa \u201c<em>Societ\u00e0 Benefit<\/em>\u201d<\/strong> riportando cos\u00ec, anche nello Statuto, uno dei suoi punti cardine sin dal giorno della sua istituzione: l&#8217;orientamento alla creazione di un impatto positivo su persone e ambiente.<\/p>\n<p>Introdotta in Italia nel 2016 (negli USA nel 2010), questa forma giuridica di impresa d\u00e0 la possibilit\u00e0 a societ\u00e0 orientate per vocazione e vision aziendale oltre che al proprio profitto, anche all&#8217;etica e al rispetto per il personale, per l&#8217;ambiente, per l&#8217;ecologia in generale, di formalizzare questa attitudine trasferendola nero su bianco nello statuto che infatti, all&#8217;art. 3 riferito allo scopo della Societ\u00e0 Benefit ETER SRL recita: \u201c<em>Lo scopo ultimo della Societ\u00e0 \u00e8 la felicit\u00e0 di tutti quanti ne facciano parte, attraverso un motivante e soddisfacente impegno in una prospera attivit\u00e0 economica<\/em>\u201d.<\/p>\n<p>Mentre le societ\u00e0 tradizionali esistono con l&#8217;unico scopo di distribuire dividendi agli azionisti, le societ\u00e0 benefit sono espressione di un paradigma pi\u00f9 evoluto: integrano nel proprio oggetto sociale, oltre agli obiettivi di profitto, lo scopo di avere un impatto positivo sulla societ\u00e0 e sulla biosfera.<br \/>\nIn qualit\u00e0 di Societ\u00e0 Benefit la Eter Srl intende perseguire attivit\u00e0 che abbiano come finalit\u00e0 il benessere comune, operando in modo responsabile ed etico, sostenibile e trasparente nei confronti di persone, comunit\u00e0, territori e ambiente, beni e attivit\u00e0 culturali e sociali, enti e associazioni ed altri portatori di interesse.<\/p>\n<p>Questi obiettivi si esplicano anche attraverso l&#8217;operato dei portali di propriet\u00e0 della stessa societ\u00e0, fra cui:<\/p>\n<p><strong>Comodo.i<\/strong>t, il portale dei preservativi nato nel 1998 con l&#8217;obiettivo di promuovere la diffusione e l&#8217;utilizzo del preservativo per contrastare la diffusione delle MTS (malattie a trasmissione sessuale). Una \u201cmission\u201d perseguita anche attraverso la costante e sempre aggiornata pubblicazione di contenuti informativi (pi\u00f9 di 3.400 pagine) e la continua informazione sulla scelta del preservativo pi\u00f9 adatto alle esigenze del cliente col fine ultimo il benessere e la prevenzione sessuale dello stesso.<\/p>\n<p><strong>Tuttosteopatia.it<\/strong>, il portale italiano dell&#8217;Osteopatia attivo sin dal 2004 per promuovere la conoscenza dell&#8217;osteopatia in Italia al fine di aumentarne la diffusione come disciplina olistica orientata al raggiungimento del benessere fisico e personale, utilizzando solo l&#8217;approccio manuale.<\/p>\n<p><strong>Libreria Abbraccioallavita<\/strong>, che apparentemente pu\u00f2 sembrare &#8220;solo&#8221; una libreria per bambini, ma sviluppa al suo interno un concept di promozione e diffusione sull&#8217;importanza della lettura a tutte le et\u00e0. Promuove la diffusione del libro e soprattutto degli albi illustrati per i pi\u00f9 piccoli, e allo stesso tempo contribuisce alla conoscenza dell&#8217;importanza dell&#8217;allattamento al seno e dell&#8217;utilizzo della fascia per rafforzare la relazione tra madre e neonato.<\/p>\n<p>\u201cU<em>n passaggio significativo per la mia societ\u00e0, che ne rispecchia i princ\u00ecpi che da sempre muovono le mie scelte imprenditoriali \u2013 spiega Massimo Valente, legale rappresentante della ETER SRL &#8211; tanto che gi\u00e0 tempo fa il mio avvocato Antonio Di Lollo Capurso, che aveva avuto modo di studiare questo tipo di formule societarie, mi faceva notare che la ETER da sempre fosse una societ\u00e0 di questo tipo senza per\u00f2 che noi lo sapessimo. Il passo successivo \u00e8 stato breve, \u00e8 bastato che sia il commercialista Claudio Valente che il notaio Piero Acquaviva constatassero ci\u00f2 e redigessero il nuovo Statuto della ETER SRL, che oggi \u00e8 diventata Societ\u00e0 Benefit<\/em>\u201d.<\/p>\n","protected":false},"excerpt":{"rendered":"<p>La ETER SRL diventa \u201cSociet\u00e0 Benefit\u201d riportando cos\u00ec, anche nello Statuto, uno dei suoi punti cardine sin dal giorno della sua istituzione: l&#8217;orientamento alla creazione di un impatto positivo su persone e ambiente. Introdotta in Italia nel 2016 (negli USA nel 2010), questa forma giuridica di impresa d\u00e0 la possibilit\u00e0 a societ\u00e0 orientate per vocazione [&hellip;]<\/p>\n","protected":false},"author":2,"featured_media":0,"parent":0,"menu_order":0,"comment_status":"closed","ping_status":"closed","template":"","meta":{"_acf_changed":false,"footnotes":""},"class_list":["post-1027443","page","type-page","status-publish","hentry"],"acf":[],"aioseo_notices":[],"_links":{"self":[{"href":"https:\/\/www.comodo.it\/blog\/wp-json\/wp\/v2\/pages\/1027443","targetHints":{"allow":["GET"]}}],"collection":[{"href":"https:\/\/www.comodo.it\/blog\/wp-json\/wp\/v2\/pages"}],"about":[{"href":"https:\/\/www.comodo.it\/blog\/wp-json\/wp\/v2\/types\/page"}],"author":[{"embeddable":true,"href":"https:\/\/www.comodo.it\/blog\/wp-json\/wp\/v2\/users\/2"}],"replies":[{"embeddable":true,"href":"https:\/\/www.comodo.it\/blog\/wp-json\/wp\/v2\/comments?post=1027443"}],"version-history":[{"count":0,"href":"https:\/\/www.comodo.it\/blog\/wp-json\/wp\/v2\/pages\/1027443\/revisions"}],"wp:attachment":[{"href":"https:\/\/www.comodo.it\/blog\/wp-json\/wp\/v2\/media?parent=1027443"}],"curies":[{"name":"wp","href":"https:\/\/api.w.org\/{rel}","templated":true}]}}